{"id":126,"date":"2024-04-08T22:07:52","date_gmt":"2024-04-08T20:07:52","guid":{"rendered":"https:\/\/www.dr-pramsohler.at\/?page_id=126"},"modified":"2024-04-08T22:07:52","modified_gmt":"2024-04-08T20:07:52","slug":"meine-leistungen","status":"publish","type":"page","link":"https:\/\/www.dr-pramsohler.at\/?page_id=126","title":{"rendered":"Meine Leistungen"},"content":{"rendered":"\n<p>Leistungsspektrum:<\/p>\n\n\n\n<p>Im Rahmen meiner Ordination werden psychiatrische Erkrankungsbilder wie depressive St\u00f6rungen, Angsterkrankungen sowie Probleme aus dem neurologischen Formenkreis (z.B. Parkinsonsyndrome, Demenzen, \u2026) entsprechend diagnostisch erfasst und einer leitlinienkonformen Therapie zugef\u00fchrt.<\/p>\n\n\n\n<p>Zus\u00e4tzlich bin ich seit vielen Jahren in der Schlafmedizin t\u00e4tig und biete sowohl psychotherapeutische als auch medikament\u00f6se Therapiestrategien an.<\/p>\n","protected":false},"excerpt":{"rendered":"<p>Leistungsspektrum: Im Rahmen meiner Ordination werden psychiatrische Erkrankungsbilder wie depressive St\u00f6rungen, Angsterkrankungen sowie Probleme aus dem neurologischen Formenkreis (z.B. Parkinsonsyndrome, Demenzen, \u2026) entsprechend diagnostisch erfasst und einer leitlinienkonformen Therapie zugef\u00fchrt. Zus\u00e4tzlich bin ich seit vielen Jahren in der Schlafmedizin t\u00e4tig und biete sowohl psychotherapeutische als auch medikament\u00f6se Therapiestrategien an.<\/p>\n","protected":false},"author":1,"featured_media":0,"parent":0,"menu_order":0,"comment_status":"closed","ping_status":"closed","template":"","meta":{"footnotes":""},"class_list":["post-126","page","type-page","status-publish","hentry"],"_links":{"self":[{"href":"https:\/\/www.dr-pramsohler.at\/index.php?rest_route=\/wp\/v2\/pages\/126","targetHints":{"allow":["GET"]}}],"collection":[{"href":"https:\/\/www.dr-pramsohler.at\/index.php?rest_route=\/wp\/v2\/pages"}],"about":[{"href":"https:\/\/www.dr-pramsohler.at\/index.php?rest_route=\/wp\/v2\/types\/page"}],"author":[{"embeddable":true,"href":"https:\/\/www.dr-pramsohler.at\/index.php?rest_route=\/wp\/v2\/users\/1"}],"replies":[{"embeddable":true,"href":"https:\/\/www.dr-pramsohler.at\/index.php?rest_route=%2Fwp%2Fv2%2Fcomments&post=126"}],"version-history":[{"count":1,"href":"https:\/\/www.dr-pramsohler.at\/index.php?rest_route=\/wp\/v2\/pages\/126\/revisions"}],"predecessor-version":[{"id":127,"href":"https:\/\/www.dr-pramsohler.at\/index.php?rest_route=\/wp\/v2\/pages\/126\/revisions\/127"}],"wp:attachment":[{"href":"https:\/\/www.dr-pramsohler.at\/index.php?rest_route=%2Fwp%2Fv2%2Fmedia&parent=126"}],"curies":[{"name":"wp","href":"https:\/\/api.w.org\/{rel}","templated":true}]}}